 {"id":1962,"date":"2025-08-07T12:21:44","date_gmt":"2025-08-07T10:21:44","guid":{"rendered":"https:\/\/www.betsaide.com\/inicio\/"},"modified":"2025-08-07T12:21:44","modified_gmt":"2025-08-07T10:21:44","slug":"inicio","status":"publish","type":"page","link":"https:\/\/www.betsaide.com\/de\/","title":{"rendered":"Inicio"},"content":{"rendered":"<!-- slider home \/\/ ES -->\r\n<div class=\"under-header\">\r\n\t<!-- Slider no tiene items -->\r\n<\/div>\r\n\r\n<!-- cadena \/\/ ES -->\r\n<div class=\"cadena\">\r\n<img alt=\"\" width=\"1920\" height=\"450\" class=\"alignnone size-full wp-image-1706 lazyload\" data-src=\"https:\/\/www.betsaide.com\/assets\/media\/cadena-CAS.png\" sizes=\"(max-width: 1920px) 100vw, 1920px\" data-srcset=\"https:\/\/www.betsaide.com\/assets\/media\/cadena-CAS.png 1920w, https:\/\/www.betsaide.com\/assets\/media\/cadena-CAS-150x35.png 150w, https:\/\/www.betsaide.com\/assets\/media\/cadena-CAS-300x70.png 300w, https:\/\/www.betsaide.com\/assets\/media\/cadena-CAS-400x94.png 400w, https:\/\/www.betsaide.com\/assets\/media\/cadena-CAS-480x113.png 480w, https:\/\/www.betsaide.com\/assets\/media\/cadena-CAS-550x129.png 550w, https:\/\/www.betsaide.com\/assets\/media\/cadena-CAS-768x180.png 768w, https:\/\/www.betsaide.com\/assets\/media\/cadena-CAS-992x233.png 992w, https:\/\/www.betsaide.com\/assets\/media\/cadena-CAS-1200x281.png 1200w\" srcset=\"https:\/\/www.betsaide.com\/assets\/media\/cadena-CAS.png 1920w, https:\/\/www.betsaide.com\/assets\/media\/cadena-CAS-150x35.png 150w, https:\/\/www.betsaide.com\/assets\/media\/cadena-CAS-300x70.png 300w, https:\/\/www.betsaide.com\/assets\/media\/cadena-CAS-400x94.png 400w, https:\/\/www.betsaide.com\/assets\/media\/cadena-CAS-480x113.png 480w, https:\/\/www.betsaide.com\/assets\/media\/cadena-CAS-550x129.png 550w, https:\/\/www.betsaide.com\/assets\/media\/cadena-CAS-768x180.png 768w, https:\/\/www.betsaide.com\/assets\/media\/cadena-CAS-992x233.png 992w, https:\/\/www.betsaide.com\/assets\/media\/cadena-CAS-1200x281.png 1200w\" \/>\r\n<\/div>\r\n\r\n<!-- contadores \/\/ ES -->\r\n<section class=\"module contadores contadores-home\">\r\n\t<div class=\"container\">\r\n\t\t<div class=\"row\">\r\n\t\t\t<div class=\"contador-item col-md-2 fundada\">\r\n\t\t\t\t<div class=\"counter h6\">\r\n\t\t\t\t\t<div class=\"counter-number\">\r\n\t\t\t\t\t\t<div class=\"counter-timer\" data-from=\"0\" data-to=\"1989\">0<\/div>\r\n\t\t\t\t\t<\/div>\r\n\t\t\t\t\t<div class=\"counter-title\">Fundada en<\/div>\r\n\t\t\t\t<\/div>\r\n\t\t\t<\/div>\r\n\t\t\t<div class=\"contador-item col-md-2 empleados\">\r\n\t\t\t\t<div class=\"counter h6\">\r\n\t\t\t\t\t<div class=\"counter-number\">\r\n\t\t\t\t\t\t<span>&gt;<\/span>\r\n\t\t\t\t\t\t<div class=\"counter-timer\" data-from=\"0\" data-to=\"400\">0<\/div>\r\n\t\t\t\t\t<\/div>\r\n\t\t\t\t\t<div class=\"counter-title\">N\u00famero de empleados<\/div>\r\n\t\t\t\t<\/div>\r\n\t\t\t<\/div>\r\n\t\t\t<div class=\"contador-item col-md-2 millones\">\r\n\t\t\t\t<div class=\"counter h6\">\r\n\t\t\t\t\t<div class=\"counter-number\">\r\n\t\t\t\t\t\t<div class=\"counter-timer\" data-from=\"0\" data-to=\"100\">0<\/div>\r\n\t\t\t\t\t<\/div>\r\n\t\t\t\t\t<div class=\"counter-title\">\u00b1 millones de facturaci\u00f3n anual<\/div>\r\n\t\t\t\t<\/div>\r\n\t\t\t<\/div>\r\n\t\t\t<div class=\"contador-item col-md-2 disamatic\">\r\n\t\t\t\t<div class=\"counter h6\">\r\n\t\t\t\t\t<div class=\"counter-number\">\r\n\t\t\t\t\t\t<div class=\"counter-timer\" data-from=\"0\" data-to=\"3\">0<\/div>\r\n\t\t\t\t\t<\/div>\r\n\t\t\t\t\t<div class=\"counter-title\">L\u00edneas de moldeo vertical Disamatic<\/div>\r\n\t\t\t\t<\/div>\r\n\t\t\t<\/div>\r\n\t\t\t<div class=\"contador-item col-md-2 tonnes\">\r\n\t\t\t\t<div class=\"counter h6\">\r\n\t\t\t\t\t<div class=\"counter-number\">\r\n\t\t\t\t\t\t<div class=\"counter-timer\" data-from=\"0\" data-to=\"40000\">0<\/div>\r\n\t\t\t\t\t<\/div>\r\n\t\t\t\t\t<div class=\"counter-title\">Toneladas<\/div>\r\n\t\t\t\t<\/div>\r\n\t\t\t<\/div>\r\n\t\t\t<div class=\"contador-item col-md-2 finished\">\r\n\t\t\t\t<div class=\"counter h6\">\r\n\t\t\t\t\t<div class=\"counter-number\">\r\n\t\t\t\t\t\t<div class=\"counter-timer\" data-from=\"0\" data-to=\"40\">0<\/div>\r\n                                                                <span>%<\/span>\r\n\t\t\t\t\t<\/div>\r\n\t\t\t\t\t<div class=\"counter-title\">Piezas acabadas<\/div>\r\n\t\t\t\t<\/div>\r\n\t\t\t<\/div>\r\n\t\t\t<div class=\"contador-item col-md-2 inversion\">\r\n\t\t\t\t<div class=\"counter h6\">\r\n\t\t\t\t\t<div class=\"counter-number\">\r\n\t\t\t\t\t\t<div class=\"counter-timer\" data-from=\"0\" data-to=\"4\">0<\/div>\r\n                                                                <span>M\u20ac<\/span>\r\n\t\t\t\t\t<\/div>\r\n\t\t\t\t\t<div class=\"counter-title\">Inversi\u00f3n anual<\/div>\r\n\t\t\t\t<\/div>\r\n\t\t\t<\/div>\r\n\t\t\t<div class=\"contador-item col-md-2 proveedores\">\r\n\t\t\t\t<div class=\"counter h6\">\r\n\t\t\t\t\t<div class=\"counter-number\">\r\n\t\t\t\t\t\t<div class=\"counter-timer\" data-from=\"0\" data-to=\"50\">50<\/div>\r\n                                                                <span>+<\/span>\r\n\t\t\t\t\t<\/div>\r\n\t\t\t\t\t<div class=\"counter-title\">N\u00famero de proveedores<\/div>\r\n\t\t\t\t<\/div>\r\n\t\t\t<\/div>\r\n\t\t<\/div>\r\n\t<\/div>\r\n<\/section>\r\n\r\n<!-- video + txt  \/\/ ES -->\r\n<section class=\"module video-home\">\r\n\t<div class=\"container\">\r\n\t\t<div class=\"row\">\r\n\t\t\t<div class=\"video\" data-jarallax-video=\"https:\/\/www.youtube.com\/watch?v=OQEPWMqiF3c\">\r\n\t\t\t\t\r\n\t\t\t<\/div>\r\n\t\t\t<div class=\"txt\">\r\n\t\t\t\t<p>En Betsaide somos una fundici\u00f3n con m\u00e1s de <strong>35 a\u00f1os de experiencia<\/strong>, fundada en 1989. Pero no somos una fundici\u00f3n cualquiera: somos una empresa en la que quienes trabajamos aqu\u00ed somos tambi\u00e9n quienes la impulsamos, lo que nos permite tener una <strong>visi\u00f3n comprometida, responsable y a largo plazo.<\/strong><\/p>\r\n\t\t\t\t<p>Nuestra esencia est\u00e1 en el hierro, pero nuestro prop\u00f3sito va m\u00e1s all\u00e1. Apostamos por la innovaci\u00f3n, la sostenibilidad y la mejora continua para ofrecer piezas de alta precisi\u00f3n que cumplen los est\u00e1ndares m\u00e1s exigentes de la automoci\u00f3n y otros sectores industriales.<\/p>\r\n\t\t\t\t<p>En Betsaide unimos tradici\u00f3n y tecnolog\u00eda para transformar la fundici\u00f3n en un proceso <strong>inteligente, sostenible y adaptado al futuro.<\/strong><\/p>\r\n\t\t\t<\/div>\r\n\t\t<\/div>\r\n\t<\/div>\r\n<\/section>  \r\n\r\n<!-- company sectors  \/\/ ES -->\r\n<section class=\"module sectores sectores-home\" data-background=\"https:\/\/www.betsaide.com\/assets\/media\/bodegon-sectores.jpg\">\r\n\r\n\t<div class=\"container\">\r\n\t\t<div class=\"row\">\r\n\r\n\t\t\t<div class=\"col-md-12 titulo\">\r\n\t\t\t\t<h3>Sectores de la Compa\u00f1\u00eda<\/h3>\r\n\t\t\t<\/div>\r\n\r\n\t\t\t<div class=\"col-md-2 sector-item agricultural\">\r\n\t\t\t\t<div class=\"icon-box text-center\">\r\n\t\t\t\t\t<div class=\"img\">\r\n\t\t\t\t\t\t<img alt=\"\" data-src=\"https:\/\/www.betsaide.com\/assets\/media\/BETSAIDE-icons-sectores_agriculturalmachinery.jpg\" class=\" lazyload\">\r\n\t\t\t\t\t<\/div>\r\n\t\t\t\t\t<div class=\"icon-box-title\">\r\n\t\t\t\t\t\t<h6>Maquinaria Agr\u00edcola \/ Tractor<\/h6>\r\n\t\t\t\t\t<\/div>\r\n\t\t\t\t\t<div class=\"icon-box-content\">\r\n\t\t\t\t\t\t<p>Lorem ipsum dolor sit amet consectetuer adipiscing elit sed diam lorem ipsum dolor sit amet.<\/p>\r\n\t\t\t\t\t<\/div>\r\n\t\t\t\t\t<div class=\"icon-box-link\"><a href=\"https:\/\/www.betsaide.com\/iron\/sectores\/maquinaria-agricola-tractor\/\">Ver m\u00e1s<\/a><\/div>\r\n\t\t\t\t<\/div>\r\n\t\t\t<\/div>\r\n\r\n\t\t\t<div class=\"col-md-2 sector-item automotive\">\r\n\t\t\t\t<div class=\"icon-box text-center\">\r\n\t\t\t\t\t<div class=\"img\">\r\n\t\t\t\t\t\t<img alt=\"\" data-src=\"https:\/\/www.betsaide.com\/assets\/media\/BETSAIDE-icons-sectores_automotivecars.jpg\" class=\" lazyload\">\r\n\t\t\t\t\t<\/div>\r\n\t\t\t\t\t<div class=\"icon-box-title\">\r\n\t\t\t\t\t\t<h6>Automoci\u00f3n \u2013 Veh\u00edculos de Pasajeros<\/h6>\r\n\t\t\t\t\t<\/div>\r\n\t\t\t\t\t<div class=\"icon-box-content\">\r\n\t\t\t\t\t\t<p>Lorem ipsum dolor sit amet consectetuer adipiscing elit sed diam lorem ipsum dolor sit amet.<\/p>\r\n\t\t\t\t\t<\/div>\r\n\t\t\t\t\t<div class=\"icon-box-link\"><a href=\"https:\/\/www.betsaide.com\/iron\/sectores\/automocion-vehiculos-pasajeros\/\">Ver m\u00e1s<\/a><\/div>\r\n\t\t\t\t<\/div>\r\n\t\t\t<\/div>\r\n\r\n\t\t\t<div class=\"col-md-2 sector-item diversified\">\r\n\t\t\t\t<div class=\"icon-box text-center\">\r\n\t\t\t\t\t<div class=\"img\">\r\n\t\t\t\t\t\t<img alt=\"\" data-src=\"https:\/\/www.betsaide.com\/assets\/media\/BETSAIDE-icons-sectores_diversifiedsectors.jpg\" class=\" lazyload\">\r\n\t\t\t\t\t<\/div>\r\n\t\t\t\t\t<div class=\"icon-box-title\">\r\n\t\t\t\t\t\t<h6>Varios \/ Proyectos Especiales<\/h6>\r\n\t\t\t\t\t<\/div>\r\n\t\t\t\t\t<div class=\"icon-box-content\">\r\n\t\t\t\t\t\t<p>Lorem ipsum dolor sit amet consectetuer adipiscing elit sed diam lorem ipsum dolor sit amet.<\/p>\r\n\t\t\t\t\t<\/div>\r\n\t\t\t\t\t<div class=\"icon-box-link\"><a href=\"https:\/\/www.betsaide.com\/iron\/sectores\/varios-proyectos-especiales\/\">Ver m\u00e1s<\/a><\/div>\r\n\t\t\t\t<\/div>\r\n\t\t\t<\/div>\r\n\r\n\t\t\t<div class=\"col-md-2 sector-item forklift\">\r\n\t\t\t\t<div class=\"icon-box text-center\">\r\n\t\t\t\t\t<div class=\"img\">\r\n\t\t\t\t\t\t<img alt=\"\" data-src=\"https:\/\/www.betsaide.com\/assets\/media\/BETSAIDE-icons-sectores_forklifttrucks.jpg\" class=\" lazyload\">\r\n\t\t\t\t\t<\/div>\r\n\t\t\t\t\t<div class=\"icon-box-title\">\r\n\t\t\t\t\t\t<h6>Carretillas Elevadoras<\/h6>\r\n\t\t\t\t\t<\/div>\r\n\t\t\t\t\t<div class=\"icon-box-content\">\r\n\t\t\t\t\t\t<p>Lorem ipsum dolor sit amet consectetuer adipiscing elit sed diam lorem ipsum dolor sit amet.<\/p>\r\n\t\t\t\t\t<\/div>\r\n\t\t\t\t\t<div class=\"icon-box-link\"><a href=\"https:\/\/www.betsaide.com\/iron\/sectores\/carretillas-elevadoras\/\">Ver m\u00e1s<\/a><\/div>\r\n\t\t\t\t<\/div>\r\n\t\t\t<\/div>\r\n\r\n\t\t\t<div class=\"col-md-2 sector-item trucks\">\r\n\t\t\t\t<div class=\"icon-box text-center\">\r\n\t\t\t\t\t<div class=\"img\">\r\n\t\t\t\t\t\t<img alt=\"\" data-src=\"https:\/\/www.betsaide.com\/assets\/media\/BETSAIDE-icons-sectores_trucksOEMs.jpg\" class=\" lazyload\">\r\n\t\t\t\t\t<\/div>\r\n\t\t\t\t\t<div class=\"icon-box-title\">\r\n\t\t\t\t\t\t<h6>Veh\u00edculos Comerciales<\/h6>\r\n\t\t\t\t\t<\/div>\r\n\t\t\t\t\t<div class=\"icon-box-content\">\r\n\t\t\t\t\t\t<p>Lorem ipsum dolor sit amet consectetuer adipiscing elit sed diam lorem ipsum dolor sit amet.<\/p>\r\n\t\t\t\t\t<\/div>\r\n\t\t\t\t\t<div class=\"icon-box-link\"><a href=\"https:\/\/www.betsaide.com\/iron\/sectores\/vehiculos-comerciales\/\">Ver m\u00e1s<\/a><\/div>\r\n\t\t\t\t<\/div>\r\n\t\t\t<\/div>\r\n\r\n\t\t\t<div class=\"col-md-2 sector-item valves\">\r\n\t\t\t\t<div class=\"icon-box text-center\">\r\n\t\t\t\t\t<div class=\"img\">\r\n\t\t\t\t\t\t<img alt=\"\" data-src=\"https:\/\/www.betsaide.com\/assets\/media\/BETSAIDE-icons-sectores_valves.jpg\" class=\" lazyload\">\r\n\t\t\t\t\t<\/div>\r\n\t\t\t\t\t<div class=\"icon-box-title\">\r\n\t\t\t\t\t\t<h6>Valvuler\u00eda &amp; Hidr\u00e1ulica<\/h6>\r\n\t\t\t\t\t<\/div>\r\n\t\t\t\t\t<div class=\"icon-box-content\">\r\n\t\t\t\t\t\t<p>Lorem ipsum dolor sit amet consectetuer adipiscing elit sed diam lorem ipsum dolor sit amet.<\/p>\r\n\t\t\t\t\t<\/div>\r\n\t\t\t\t\t<div class=\"icon-box-link\"><a href=\"https:\/\/www.betsaide.com\/iron\/sectores\/valvuleria-hidraulica\/\">Ver m\u00e1s<\/a><\/div>\r\n\t\t\t\t<\/div>\r\n\t\t\t<\/div>\r\n\r\n\t\t\t<div class=\"col-md-2 sector-item solar\">\r\n\t\t\t\t<div class=\"icon-box text-center\">\r\n\t\t\t\t\t<div class=\"img\">\r\n\t\t\t\t\t\t<img alt=\"\" width=\"400\" height=\"400\" class=\"alignnone size-full wp-image-712 lazyload\" data-src=\"https:\/\/www.betsaide.com\/assets\/media\/BETSAIDE-icons-sectores-solar.jpg\" sizes=\"(max-width: 400px) 100vw, 400px\" data-srcset=\"https:\/\/www.betsaide.com\/assets\/media\/BETSAIDE-icons-sectores-solar.jpg 400w, https:\/\/www.betsaide.com\/assets\/media\/BETSAIDE-icons-sectores-solar-150x150.jpg 150w, https:\/\/www.betsaide.com\/assets\/media\/BETSAIDE-icons-sectores-solar-300x300.jpg 300w\" srcset=\"https:\/\/www.betsaide.com\/assets\/media\/BETSAIDE-icons-sectores-solar.jpg 400w, https:\/\/www.betsaide.com\/assets\/media\/BETSAIDE-icons-sectores-solar-150x150.jpg 150w, https:\/\/www.betsaide.com\/assets\/media\/BETSAIDE-icons-sectores-solar-300x300.jpg 300w\" \/>\r\n\t\t\t\t\t<\/div>\r\n\t\t\t\t\t<div class=\"icon-box-title\">\r\n\t\t\t\t\t\t<h6>Solar<\/h6>\r\n\t\t\t\t\t<\/div>\r\n\t\t\t\t\t<div class=\"icon-box-content\">\r\n\t\t\t\t\t\t<p>Lorem ipsum dolor sit amet consectetuer adipiscing elit sed diam lorem ipsum dolor sit amet.<\/p>\r\n\t\t\t\t\t<\/div>\r\n\t\t\t\t\t<div class=\"icon-box-link\"><a href=\"https:\/\/www.betsaide.com\/iron\/sectores\/solar\/\">Ver m\u00e1s<\/a><\/div>\r\n\t\t\t\t<\/div>\r\n\t\t\t<\/div>\r\n\r\n\t\t<\/div>\r\n\t\t \r\n\t<\/div>\r\n<\/section>\r\n\r\n<!-- solvencia financiera  \/\/ ES -->\r\n<section class=\"solvencia-financiera\" data-background=\"https:\/\/www.betsaide.com\/assets\/media\/banner-solvenciafinanciera.jpg\">\r\n\t<div class=\"container\">\r\n\t\t<div class=\"row\">\r\n\t\t\t<div class=\"titulo\">\r\n\t\t\t\t<h3>Solvencia Financiera<\/h3>\r\n\t\t\t<\/div>\r\n\t\t\t<div class=\"txt\">Contamos con un ratio de solvencia financiera muy s\u00f3lido que nos permite invertir en tecnolog\u00eda, sostenibilidad y talento, asegurando estabilidad y confianza a largo plazo<\/div>\r\n\t\t\t<!-- <div><a href=\"\" class=\"btn btn-xs btn-outline btn-white-transparent btn-circle\">ver m&aacute;s<\/a><\/div> -->\r\n\t\t<\/div>\r\n\t<\/div>\r\n<\/section> \r\n\r\n<!-- texto resaltado  \/\/ ES -->\r\n<section class=\"texto-resaltado\">\r\n\t<div class=\"container\">\r\n\t\t<div class=\"row\">\r\n\t\t\t<p>En Betsaide entendemos la innovaci\u00f3n como una forma de avanzar no solo en tecnolog\u00eda y procesos, sino tambi\u00e9n en nuestro papel dentro de la sociedad<\/p>\r\n\t\t\t<p>Apostamos por la mejora continua para ofrecer soluciones m\u00e1s eficientes y competitivas, al mismo tiempo que impulsamos iniciativas sociales y colaboramos con nuestro entorno para generar un impacto positivo y sostenible.<\/p>\r\n\t\t<\/div>\r\n\t<\/div>\r\n<\/section> \r\n\r\n<!-- tecnologia  \/\/ ES -->\r\n<section class=\"tecnologia\" data-background=\"https:\/\/www.betsaide.com\/assets\/media\/banner-tecnologia2.jpg\">\r\n\t<div class=\"container\">\r\n\t\t<div class=\"row\">\r\n\t\t\t<div class=\"titulo d-flex justify-content-end\">\r\n\t\t\t\t<h3>Tecnolog\u00eda<\/h3>\r\n\t\t\t<\/div>\r\n\t\t\t<div class=\"txt\">Para Betsaide, la tecnolog\u00eda es lo que nos permite ir siempre un paso por delante. Automatizaci\u00f3n, visi\u00f3n artificial, prototipado 3D e inteligencia artificial se combinan para reforzar nuestro control y gesti\u00f3n. Con ello garantizamos precisi\u00f3n, confianza y agilidad, ofreciendo soluciones sostenibles que generan valor real a nuestros clientes.<\/div>\r\n\t\t\t<!-- <div class=\"d-flex justify-content-end\"><a href=\"\" class=\"btn btn-xs btn-outline btn-white-transparent btn-circle\">ver m&aacute;s<\/a><\/div> -->\r\n\t\t<\/div>\r\n\t<\/div>\r\n<\/section> \r\n\r\n<!-- ultimas entradas\r\n[_e_template_part_content name=\"template-parts\/content-noticias-destacadas.php\"]\r\n-->","protected":false},"excerpt":{"rendered":"","protected":false},"author":1,"featured_media":0,"parent":0,"menu_order":0,"comment_status":"closed","ping_status":"closed","template":"","meta":{"_acf_changed":false,"footnotes":""},"class_list":["post-1962","page","type-page","status-publish","hentry"],"acf":[],"yoast_head":"<!-- This site is optimized with the Yoast SEO plugin v27.4 - https:\/\/yoast.com\/product\/yoast-seo-wordpress\/ -->\n<title>Inicio - Betsaide<\/title>\n<meta name=\"robots\" content=\"index, follow, max-snippet:-1, max-image-preview:large, max-video-preview:-1\" \/>\n<link rel=\"canonical\" href=\"https:\/\/www.betsaide.com\/de\/\" \/>\n<meta property=\"og:locale\" content=\"de_DE\" \/>\n<meta property=\"og:type\" content=\"article\" \/>\n<meta property=\"og:title\" content=\"Inicio - Betsaide\" \/>\n<meta property=\"og:url\" content=\"https:\/\/www.betsaide.com\/de\/\" \/>\n<meta property=\"og:site_name\" content=\"Betsaide\" \/>\n<meta name=\"twitter:card\" content=\"summary_large_image\" \/>\n<script type=\"application\/ld+json\" class=\"yoast-schema-graph\">{\"@context\":\"https:\\\/\\\/schema.org\",\"@graph\":[{\"@type\":\"WebPage\",\"@id\":\"https:\\\/\\\/www.betsaide.com\\\/de\\\/\",\"url\":\"https:\\\/\\\/www.betsaide.com\\\/de\\\/\",\"name\":\"Inicio - Betsaide\",\"isPartOf\":{\"@id\":\"https:\\\/\\\/www.betsaide.com\\\/#website\"},\"datePublished\":\"2025-08-07T10:21:44+00:00\",\"breadcrumb\":{\"@id\":\"https:\\\/\\\/www.betsaide.com\\\/de\\\/#breadcrumb\"},\"inLanguage\":\"de\",\"potentialAction\":[{\"@type\":\"ReadAction\",\"target\":[\"https:\\\/\\\/www.betsaide.com\\\/de\\\/\"]}]},{\"@type\":\"BreadcrumbList\",\"@id\":\"https:\\\/\\\/www.betsaide.com\\\/de\\\/#breadcrumb\",\"itemListElement\":[{\"@type\":\"ListItem\",\"position\":1,\"name\":\"Portada\",\"item\":\"https:\\\/\\\/www.betsaide.com\\\/de\\\/\"},{\"@type\":\"ListItem\",\"position\":2,\"name\":\"Inicio\"}]},{\"@type\":\"WebSite\",\"@id\":\"https:\\\/\\\/www.betsaide.com\\\/#website\",\"url\":\"https:\\\/\\\/www.betsaide.com\\\/\",\"name\":\"Betsaide\",\"description\":\"\",\"publisher\":{\"@id\":\"https:\\\/\\\/www.betsaide.com\\\/#organization\"},\"potentialAction\":[{\"@type\":\"SearchAction\",\"target\":{\"@type\":\"EntryPoint\",\"urlTemplate\":\"https:\\\/\\\/www.betsaide.com\\\/?s={search_term_string}\"},\"query-input\":{\"@type\":\"PropertyValueSpecification\",\"valueRequired\":true,\"valueName\":\"search_term_string\"}}],\"inLanguage\":\"de\"},{\"@type\":\"Organization\",\"@id\":\"https:\\\/\\\/www.betsaide.com\\\/#organization\",\"name\":\"Betsaide\",\"url\":\"https:\\\/\\\/www.betsaide.com\\\/\",\"logo\":{\"@type\":\"ImageObject\",\"inLanguage\":\"de\",\"@id\":\"https:\\\/\\\/www.betsaide.com\\\/#\\\/schema\\\/logo\\\/image\\\/\",\"url\":\"https:\\\/\\\/www.betsaide.com\\\/assets\\\/media\\\/logo-vertical_vertical-color.svg\",\"contentUrl\":\"https:\\\/\\\/www.betsaide.com\\\/assets\\\/media\\\/logo-vertical_vertical-color.svg\",\"width\":1,\"height\":1,\"caption\":\"Betsaide\"},\"image\":{\"@id\":\"https:\\\/\\\/www.betsaide.com\\\/#\\\/schema\\\/logo\\\/image\\\/\"}}]}<\/script>\n<!-- \/ Yoast SEO plugin. -->","yoast_head_json":{"title":"Inicio - Betsaide","robots":{"index":"index","follow":"follow","max-snippet":"max-snippet:-1","max-image-preview":"max-image-preview:large","max-video-preview":"max-video-preview:-1"},"canonical":"https:\/\/www.betsaide.com\/de\/","og_locale":"de_DE","og_type":"article","og_title":"Inicio - Betsaide","og_url":"https:\/\/www.betsaide.com\/de\/","og_site_name":"Betsaide","twitter_card":"summary_large_image","schema":{"@context":"https:\/\/schema.org","@graph":[{"@type":"WebPage","@id":"https:\/\/www.betsaide.com\/de\/","url":"https:\/\/www.betsaide.com\/de\/","name":"Inicio - Betsaide","isPartOf":{"@id":"https:\/\/www.betsaide.com\/#website"},"datePublished":"2025-08-07T10:21:44+00:00","breadcrumb":{"@id":"https:\/\/www.betsaide.com\/de\/#breadcrumb"},"inLanguage":"de","potentialAction":[{"@type":"ReadAction","target":["https:\/\/www.betsaide.com\/de\/"]}]},{"@type":"BreadcrumbList","@id":"https:\/\/www.betsaide.com\/de\/#breadcrumb","itemListElement":[{"@type":"ListItem","position":1,"name":"Portada","item":"https:\/\/www.betsaide.com\/de\/"},{"@type":"ListItem","position":2,"name":"Inicio"}]},{"@type":"WebSite","@id":"https:\/\/www.betsaide.com\/#website","url":"https:\/\/www.betsaide.com\/","name":"Betsaide","description":"","publisher":{"@id":"https:\/\/www.betsaide.com\/#organization"},"potentialAction":[{"@type":"SearchAction","target":{"@type":"EntryPoint","urlTemplate":"https:\/\/www.betsaide.com\/?s={search_term_string}"},"query-input":{"@type":"PropertyValueSpecification","valueRequired":true,"valueName":"search_term_string"}}],"inLanguage":"de"},{"@type":"Organization","@id":"https:\/\/www.betsaide.com\/#organization","name":"Betsaide","url":"https:\/\/www.betsaide.com\/","logo":{"@type":"ImageObject","inLanguage":"de","@id":"https:\/\/www.betsaide.com\/#\/schema\/logo\/image\/","url":"https:\/\/www.betsaide.com\/assets\/media\/logo-vertical_vertical-color.svg","contentUrl":"https:\/\/www.betsaide.com\/assets\/media\/logo-vertical_vertical-color.svg","width":1,"height":1,"caption":"Betsaide"},"image":{"@id":"https:\/\/www.betsaide.com\/#\/schema\/logo\/image\/"}}]}},"_links":{"self":[{"href":"https:\/\/www.betsaide.com\/de\/wp-json\/wp\/v2\/pages\/1962","targetHints":{"allow":["GET"]}}],"collection":[{"href":"https:\/\/www.betsaide.com\/de\/wp-json\/wp\/v2\/pages"}],"about":[{"href":"https:\/\/www.betsaide.com\/de\/wp-json\/wp\/v2\/types\/page"}],"author":[{"embeddable":true,"href":"https:\/\/www.betsaide.com\/de\/wp-json\/wp\/v2\/users\/1"}],"replies":[{"embeddable":true,"href":"https:\/\/www.betsaide.com\/de\/wp-json\/wp\/v2\/comments?post=1962"}],"version-history":[{"count":0,"href":"https:\/\/www.betsaide.com\/de\/wp-json\/wp\/v2\/pages\/1962\/revisions"}],"wp:attachment":[{"href":"https:\/\/www.betsaide.com\/de\/wp-json\/wp\/v2\/media?parent=1962"}],"curies":[{"name":"wp","href":"https:\/\/api.w.org\/{rel}","templated":true}]}}