 {"id":2016,"date":"2025-08-07T12:22:51","date_gmt":"2025-08-07T10:22:51","guid":{"rendered":"https:\/\/www.betsaide.com\/betsaide\/"},"modified":"2025-08-07T12:22:51","modified_gmt":"2025-08-07T10:22:51","slug":"betsaide","status":"publish","type":"page","link":"https:\/\/www.betsaide.com\/de\/betsaide\/","title":{"rendered":"Betsaide"},"content":{"rendered":"<section class=\"sobre-nosotros\">\r\n\t<div class=\"container\">\r\n\t\t<div class=\"row\">\r\n\t\t\t<div class=\"intro\">\r\n\t\t\t\t<p><strong>BETSAIDE<\/strong> es una empresa de econom\u00eda social formada por m\u00e1s de 400 personas que hacen realidad nuestro proyecto, el cual tiene el prop\u00f3sito  de ofrecer un servicio y productos de alto valor a\u00f1adido a nuestros clientes, nuestra raz\u00f3n de ser.<\/p>\r\n\t\t\t\t<img alt=\"\" width=\"600\" height=\"800\" class=\"alignnone size-full wp-image-954 lazyload\" data-src=\"https:\/\/www.betsaide.com\/assets\/media\/B-icono-bodegon.png\" srcset=\"https:\/\/www.betsaide.com\/assets\/media\/B-icono-bodegon.png 600w, https:\/\/www.betsaide.com\/assets\/media\/B-icono-bodegon-150x200.png 150w, https:\/\/www.betsaide.com\/assets\/media\/B-icono-bodegon-300x400.png 300w, https:\/\/www.betsaide.com\/assets\/media\/B-icono-bodegon-400x533.png 400w, https:\/\/www.betsaide.com\/assets\/media\/B-icono-bodegon-480x640.png 480w, https:\/\/www.betsaide.com\/assets\/media\/B-icono-bodegon-550x733.png 550w\" sizes=\"(max-width: 600px) 100vw, 600px\" \/>\r\n\t\t\t<\/div>\r\n\t\t\t<div class=\"cualidades\">\r\n\t\t\t\t<div class=\"txt\">\r\n\t\t\t\t\t<div class=\"item\">\r\n\t\t\t\t\t\t<h3>Compromiso con las personas, garant\u00eda para nuestros clientes<\/h3>\r\n\t\t\t\t\t\t<p>Nuestro compromiso como modelo social nos convierte en algo m\u00e1s que un proveedor: somos un <strong>socio industrial fiable, estable y sostenible.<\/strong><\/p>\r\n\t\t\t\t\t\t<p>Nuestro modelo social sit\u00faa a las personas en el centro, asegurando <strong>empleo estable, participaci\u00f3n activa y corresponsabilidad.<\/strong> Esto se traduce en un equipo humano diverso, comprometido y con talento, y con una fuerte orientaci\u00f3n a la innovaci\u00f3n y la mejora continua.<\/p>\r\n\t\t\t\t\t<\/div>\r\n\t\t\t\t\t<div class=\"item\">\r\n\t\t\t\t\t\t<h3>Valores que aportan valor<\/h3>\r\n\t\t\t\t\t\t<p>Nuestros valores y nuestra cultura van m\u00e1s all\u00e1 del negocio, adapt\u00e1ndonos a las necesidades de nuestros clientes gracias a nuestro expertis en la cadena de valor completa. Calidad y experiencia al servicio de nuestros clientes, sostenidos por cualidades como:<\/p>\r\n\t\t\t\t\t<\/div>\r\n\t\t\t\t<\/div>\r\n\t\t\t\t<div class=\"img\">\r\n\t\t\t\t\t<div class=\"item\">\r\n\t\t\t\t\t\t<img alt=\"\" class=\"alignnone size-full wp-image-759 lazyload\" data-src=\"https:\/\/www.betsaide.com\/assets\/media\/BETSAIDE-icons-cualidades_flexible.svg\">\r\n\t\t\t\t\t\t<p>Flexible<\/p>\r\n\t\t\t\t\t<\/div>\r\n\t\t\t\t\t<div class=\"item\">\r\n\t\t\t\t\t\t<img alt=\"\" class=\"alignnone size-full wp-image-762 lazyload\" data-src=\"https:\/\/www.betsaide.com\/assets\/media\/BETSAIDE-icons-cualidades_innovadora.svg\">\r\n\t\t\t\t\t\t<p>Innovadora<\/p>\r\n\t\t\t\t\t<\/div>\r\n\t\t\t\t\t<div class=\"item\">\r\n\t\t\t\t\t\t<img alt=\"\" class=\"alignnone size-full wp-image-765 lazyload\" data-src=\"https:\/\/www.betsaide.com\/assets\/media\/BETSAIDE-icons-cualidades_humana.svg\">\r\n\t\t\t\t\t\t<p>Humana<\/p>\r\n\t\t\t\t\t<\/div>\r\n\t\t\t\t<\/div>\r\n\t\t\t<\/div>\r\n\t\t<\/div>\r\n\t<\/div>\r\n<\/section>","protected":false},"excerpt":{"rendered":"<p>BETSAIDE es una empresa de econom\u00eda social formada por m\u00e1s de 400 personas que hacen realidad nuestro proyecto, el cual tiene el prop\u00f3sito de ofrecer un servicio y productos de alto valor a\u00f1adido a nuestros clientes, nuestra raz\u00f3n de ser. Compromiso con las personas, garant\u00eda para nuestros clientes Nuestro compromiso como modelo social nos convierte [&hellip;]<\/p>\n","protected":false},"author":1,"featured_media":2018,"parent":0,"menu_order":0,"comment_status":"closed","ping_status":"closed","template":"","meta":{"_acf_changed":false,"footnotes":""},"class_list":["post-2016","page","type-page","status-publish","has-post-thumbnail","hentry"],"acf":[],"yoast_head":"<!-- This site is optimized with the Yoast SEO plugin v27.4 - https:\/\/yoast.com\/product\/yoast-seo-wordpress\/ -->\n<title>Betsaide - Betsaide<\/title>\n<meta name=\"robots\" content=\"index, follow, max-snippet:-1, max-image-preview:large, max-video-preview:-1\" \/>\n<link rel=\"canonical\" href=\"https:\/\/www.betsaide.com\/betsaide\/\" \/>\n<meta property=\"og:locale\" content=\"de_DE\" \/>\n<meta property=\"og:type\" content=\"article\" \/>\n<meta property=\"og:title\" content=\"Betsaide - Betsaide\" \/>\n<meta property=\"og:description\" content=\"BETSAIDE es una empresa de econom\u00eda social formada por m\u00e1s de 400 personas que hacen realidad nuestro proyecto, el cual tiene el prop\u00f3sito de ofrecer un servicio y productos de alto valor a\u00f1adido a nuestros clientes, nuestra raz\u00f3n de ser. Compromiso con las personas, garant\u00eda para nuestros clientes Nuestro compromiso como modelo social nos convierte [&hellip;]\" \/>\n<meta property=\"og:url\" content=\"https:\/\/www.betsaide.com\/betsaide\/\" \/>\n<meta property=\"og:site_name\" content=\"Betsaide\" \/>\n<meta property=\"og:image\" content=\"https:\/\/www.betsaide.com\/assets\/media\/cabeceras-morethaniron.jpg\" \/>\n\t<meta property=\"og:image:width\" content=\"1920\" \/>\n\t<meta property=\"og:image:height\" content=\"1080\" \/>\n\t<meta property=\"og:image:type\" content=\"image\/jpeg\" \/>\n<meta name=\"twitter:card\" content=\"summary_large_image\" \/>\n<meta name=\"twitter:label1\" content=\"Gesch\u00e4tzte Lesezeit\" \/>\n\t<meta name=\"twitter:data1\" content=\"1\u00a0Minute\" \/>\n<script type=\"application\/ld+json\" class=\"yoast-schema-graph\">{\"@context\":\"https:\\\/\\\/schema.org\",\"@graph\":[{\"@type\":\"WebPage\",\"@id\":\"https:\\\/\\\/www.betsaide.com\\\/betsaide\\\/\",\"url\":\"https:\\\/\\\/www.betsaide.com\\\/betsaide\\\/\",\"name\":\"Betsaide - Betsaide\",\"isPartOf\":{\"@id\":\"https:\\\/\\\/www.betsaide.com\\\/#website\"},\"primaryImageOfPage\":{\"@id\":\"https:\\\/\\\/www.betsaide.com\\\/betsaide\\\/#primaryimage\"},\"image\":{\"@id\":\"https:\\\/\\\/www.betsaide.com\\\/betsaide\\\/#primaryimage\"},\"thumbnailUrl\":\"https:\\\/\\\/www.betsaide.com\\\/assets\\\/media\\\/cabeceras-morethaniron.jpg\",\"datePublished\":\"2025-08-07T10:22:51+00:00\",\"breadcrumb\":{\"@id\":\"https:\\\/\\\/www.betsaide.com\\\/betsaide\\\/#breadcrumb\"},\"inLanguage\":\"de\",\"potentialAction\":[{\"@type\":\"ReadAction\",\"target\":[\"https:\\\/\\\/www.betsaide.com\\\/betsaide\\\/\"]}]},{\"@type\":\"ImageObject\",\"inLanguage\":\"de\",\"@id\":\"https:\\\/\\\/www.betsaide.com\\\/betsaide\\\/#primaryimage\",\"url\":\"https:\\\/\\\/www.betsaide.com\\\/assets\\\/media\\\/cabeceras-morethaniron.jpg\",\"contentUrl\":\"https:\\\/\\\/www.betsaide.com\\\/assets\\\/media\\\/cabeceras-morethaniron.jpg\",\"width\":1920,\"height\":1080},{\"@type\":\"BreadcrumbList\",\"@id\":\"https:\\\/\\\/www.betsaide.com\\\/betsaide\\\/#breadcrumb\",\"itemListElement\":[{\"@type\":\"ListItem\",\"position\":1,\"name\":\"Portada\",\"item\":\"https:\\\/\\\/www.betsaide.com\\\/de\\\/\"},{\"@type\":\"ListItem\",\"position\":2,\"name\":\"Betsaide\"}]},{\"@type\":\"WebSite\",\"@id\":\"https:\\\/\\\/www.betsaide.com\\\/#website\",\"url\":\"https:\\\/\\\/www.betsaide.com\\\/\",\"name\":\"Betsaide\",\"description\":\"\",\"publisher\":{\"@id\":\"https:\\\/\\\/www.betsaide.com\\\/#organization\"},\"potentialAction\":[{\"@type\":\"SearchAction\",\"target\":{\"@type\":\"EntryPoint\",\"urlTemplate\":\"https:\\\/\\\/www.betsaide.com\\\/?s={search_term_string}\"},\"query-input\":{\"@type\":\"PropertyValueSpecification\",\"valueRequired\":true,\"valueName\":\"search_term_string\"}}],\"inLanguage\":\"de\"},{\"@type\":\"Organization\",\"@id\":\"https:\\\/\\\/www.betsaide.com\\\/#organization\",\"name\":\"Betsaide\",\"url\":\"https:\\\/\\\/www.betsaide.com\\\/\",\"logo\":{\"@type\":\"ImageObject\",\"inLanguage\":\"de\",\"@id\":\"https:\\\/\\\/www.betsaide.com\\\/#\\\/schema\\\/logo\\\/image\\\/\",\"url\":\"https:\\\/\\\/www.betsaide.com\\\/assets\\\/media\\\/logo-vertical_vertical-color.svg\",\"contentUrl\":\"https:\\\/\\\/www.betsaide.com\\\/assets\\\/media\\\/logo-vertical_vertical-color.svg\",\"width\":1,\"height\":1,\"caption\":\"Betsaide\"},\"image\":{\"@id\":\"https:\\\/\\\/www.betsaide.com\\\/#\\\/schema\\\/logo\\\/image\\\/\"}}]}<\/script>\n<!-- \/ Yoast SEO plugin. -->","yoast_head_json":{"title":"Betsaide - Betsaide","robots":{"index":"index","follow":"follow","max-snippet":"max-snippet:-1","max-image-preview":"max-image-preview:large","max-video-preview":"max-video-preview:-1"},"canonical":"https:\/\/www.betsaide.com\/betsaide\/","og_locale":"de_DE","og_type":"article","og_title":"Betsaide - Betsaide","og_description":"BETSAIDE es una empresa de econom\u00eda social formada por m\u00e1s de 400 personas que hacen realidad nuestro proyecto, el cual tiene el prop\u00f3sito de ofrecer un servicio y productos de alto valor a\u00f1adido a nuestros clientes, nuestra raz\u00f3n de ser. Compromiso con las personas, garant\u00eda para nuestros clientes Nuestro compromiso como modelo social nos convierte [&hellip;]","og_url":"https:\/\/www.betsaide.com\/betsaide\/","og_site_name":"Betsaide","og_image":[{"width":1920,"height":1080,"url":"https:\/\/www.betsaide.com\/assets\/media\/cabeceras-morethaniron.jpg","type":"image\/jpeg"}],"twitter_card":"summary_large_image","twitter_misc":{"Gesch\u00e4tzte Lesezeit":"1\u00a0Minute"},"schema":{"@context":"https:\/\/schema.org","@graph":[{"@type":"WebPage","@id":"https:\/\/www.betsaide.com\/betsaide\/","url":"https:\/\/www.betsaide.com\/betsaide\/","name":"Betsaide - Betsaide","isPartOf":{"@id":"https:\/\/www.betsaide.com\/#website"},"primaryImageOfPage":{"@id":"https:\/\/www.betsaide.com\/betsaide\/#primaryimage"},"image":{"@id":"https:\/\/www.betsaide.com\/betsaide\/#primaryimage"},"thumbnailUrl":"https:\/\/www.betsaide.com\/assets\/media\/cabeceras-morethaniron.jpg","datePublished":"2025-08-07T10:22:51+00:00","breadcrumb":{"@id":"https:\/\/www.betsaide.com\/betsaide\/#breadcrumb"},"inLanguage":"de","potentialAction":[{"@type":"ReadAction","target":["https:\/\/www.betsaide.com\/betsaide\/"]}]},{"@type":"ImageObject","inLanguage":"de","@id":"https:\/\/www.betsaide.com\/betsaide\/#primaryimage","url":"https:\/\/www.betsaide.com\/assets\/media\/cabeceras-morethaniron.jpg","contentUrl":"https:\/\/www.betsaide.com\/assets\/media\/cabeceras-morethaniron.jpg","width":1920,"height":1080},{"@type":"BreadcrumbList","@id":"https:\/\/www.betsaide.com\/betsaide\/#breadcrumb","itemListElement":[{"@type":"ListItem","position":1,"name":"Portada","item":"https:\/\/www.betsaide.com\/de\/"},{"@type":"ListItem","position":2,"name":"Betsaide"}]},{"@type":"WebSite","@id":"https:\/\/www.betsaide.com\/#website","url":"https:\/\/www.betsaide.com\/","name":"Betsaide","description":"","publisher":{"@id":"https:\/\/www.betsaide.com\/#organization"},"potentialAction":[{"@type":"SearchAction","target":{"@type":"EntryPoint","urlTemplate":"https:\/\/www.betsaide.com\/?s={search_term_string}"},"query-input":{"@type":"PropertyValueSpecification","valueRequired":true,"valueName":"search_term_string"}}],"inLanguage":"de"},{"@type":"Organization","@id":"https:\/\/www.betsaide.com\/#organization","name":"Betsaide","url":"https:\/\/www.betsaide.com\/","logo":{"@type":"ImageObject","inLanguage":"de","@id":"https:\/\/www.betsaide.com\/#\/schema\/logo\/image\/","url":"https:\/\/www.betsaide.com\/assets\/media\/logo-vertical_vertical-color.svg","contentUrl":"https:\/\/www.betsaide.com\/assets\/media\/logo-vertical_vertical-color.svg","width":1,"height":1,"caption":"Betsaide"},"image":{"@id":"https:\/\/www.betsaide.com\/#\/schema\/logo\/image\/"}}]}},"_links":{"self":[{"href":"https:\/\/www.betsaide.com\/de\/wp-json\/wp\/v2\/pages\/2016","targetHints":{"allow":["GET"]}}],"collection":[{"href":"https:\/\/www.betsaide.com\/de\/wp-json\/wp\/v2\/pages"}],"about":[{"href":"https:\/\/www.betsaide.com\/de\/wp-json\/wp\/v2\/types\/page"}],"author":[{"embeddable":true,"href":"https:\/\/www.betsaide.com\/de\/wp-json\/wp\/v2\/users\/1"}],"replies":[{"embeddable":true,"href":"https:\/\/www.betsaide.com\/de\/wp-json\/wp\/v2\/comments?post=2016"}],"version-history":[{"count":0,"href":"https:\/\/www.betsaide.com\/de\/wp-json\/wp\/v2\/pages\/2016\/revisions"}],"wp:featuredmedia":[{"embeddable":true,"href":"https:\/\/www.betsaide.com\/de\/wp-json\/wp\/v2\/media\/2018"}],"wp:attachment":[{"href":"https:\/\/www.betsaide.com\/de\/wp-json\/wp\/v2\/media?parent=2016"}],"curies":[{"name":"wp","href":"https:\/\/api.w.org\/{rel}","templated":true}]}}