 {"id":2042,"date":"2025-09-11T09:41:19","date_gmt":"2025-09-11T07:41:19","guid":{"rendered":"https:\/\/www.betsaide.com\/iron\/sectores\/maquinaria-agricola-tractor\/"},"modified":"2025-09-11T09:41:19","modified_gmt":"2025-09-11T07:41:19","slug":"maquinaria-agricola-tractor","status":"publish","type":"page","link":"https:\/\/www.betsaide.com\/de\/iron\/sectores\/maquinaria-agricola-tractor\/","title":{"rendered":"Maquinaria Agr\u00edcola \/ Tractor"},"content":{"rendered":"<section class=\"sectores agricola\">\r\n\t<div class=\"container\">\r\n\t\t<div class=\"row intro\">\r\n\t\t\t<div class=\"img\">\r\n\t\t\t\t<img alt=\"\" class=\"alignnone size-full wp-image-1445 lazyload\" data-src=\"https:\/\/www.betsaide.com\/assets\/media\/agricola-1.svg\">\r\n\t\t\t<\/div>\r\n\t\t\t<div class=\"txt\">\r\n\t\t\t\t<p>Fundimos resistencia para el campo.<\/p>\r\n\r\n\t\t\t\t<p>El barro, el sol y la carga no perdonan. Nuestras piezas s\u00ed. Dise\u00f1amos y producimos componentes que resisten los ciclos m\u00e1s duros, sin renunciar a la precisi\u00f3n.<\/p>\r\n\t\t\t\t<p>Optimizados con tratamientos anticorrosi\u00f3n y codise\u00f1ados junto al cliente.<\/p> \r\n\t\t\t\t<p>Tu maquinaria no se detiene. Nosotros la hacemos avanzar.<\/p>\r\n\t\t\t<\/div>\r\n\t\t<\/div>\r\n\r\n\t\t<div class=\"row components\">\r\n\r\n\t\t\t<div class=\"title\">\r\n\t\t\t\t<h3>Fabricamos componentes para:<\/h3>\r\n\t\t\t<\/div>\r\n\r\n\t\t\t<div class=\"categories\">\r\n\r\n\t\t\t\t\t<div class=\"item engine\">\r\n\t\t\t\t\t\t<img alt=\"\" data-src=\"\" class=\" lazyload\">\r\n\t\t\t\t\t\t<h4 class=\"nombre\">Soportes y cajas diferenciales<\/h4>\r\n\t\t\t\t\t\t \r\n\t\t\t\t\t<\/div>\r\n\r\n\t\t\t\t\t<div class=\"item suspension\">\r\n\t\t\t\t\t\t<img alt=\"\" width=\"1080\" height=\"1080\" class=\"alignnone size-full wp-image-1648 lazyload\" data-src=\"https:\/\/www.betsaide.com\/assets\/media\/componentes-agricola-transmisioncardan.jpg\" srcset=\"https:\/\/www.betsaide.com\/assets\/media\/componentes-agricola-transmisioncardan.jpg 1080w, https:\/\/www.betsaide.com\/assets\/media\/componentes-agricola-transmisioncardan-150x150.jpg 150w, https:\/\/www.betsaide.com\/assets\/media\/componentes-agricola-transmisioncardan-300x300.jpg 300w, https:\/\/www.betsaide.com\/assets\/media\/componentes-agricola-transmisioncardan-400x400.jpg 400w, https:\/\/www.betsaide.com\/assets\/media\/componentes-agricola-transmisioncardan-480x480.jpg 480w, https:\/\/www.betsaide.com\/assets\/media\/componentes-agricola-transmisioncardan-550x550.jpg 550w, https:\/\/www.betsaide.com\/assets\/media\/componentes-agricola-transmisioncardan-768x768.jpg 768w, https:\/\/www.betsaide.com\/assets\/media\/componentes-agricola-transmisioncardan-992x992.jpg 992w\" sizes=\"(max-width: 1080px) 100vw, 1080px\" \/>\r\n\t\t\t\t\t\t<h4 class=\"nombre\">Transmisi\u00f3n y card\u00e1n<\/h4>\r\n\t\t\t\t\t\t \r\n\t\t\t\t\t<\/div>\r\n\r\n\t\t\t\t\t<div class=\"item driveline\">\r\n\t\t\t\t\t\t<img alt=\"\" data-src=\"\" class=\" lazyload\">\r\n\t\t\t\t\t\t<h4 class=\"nombre\">Horquillas de cajas de cambio<\/h4>\r\n\t\t\t\t\t\t \r\n\t\t\t\t\t<\/div> \r\n\r\n\t\t\t\t\t<div class=\"item engine\">\r\n\t\t\t\t\t\t<img alt=\"\" data-src=\"\" class=\" lazyload\">\r\n\t\t\t\t\t\t<h4 class=\"nombre\">Carcasas y piezas para accesorios agr\u00edcolas<\/h4>\r\n\t\t\t\t\t\t \r\n\t\t\t\t\t<\/div>\r\n\t\t\t\t\t\r\n\t\t\t<\/div>\r\n\t\t<\/div>\r\n\r\n\t\t<div class=\"row frase\">\r\n\t\t\t<p>La fiabilidad tambi\u00e9n se dise\u00f1a. Nosotros la fundimos.<\/p>\r\n\t\t<\/div>\r\n\t\t\r\n\r\n\r\n\r\n<\/div><\/section>","protected":false},"excerpt":{"rendered":"<p>Fundimos resistencia para el campo. El barro, el sol y la carga no perdonan. Nuestras piezas s\u00ed. Dise\u00f1amos y producimos componentes que resisten los ciclos m\u00e1s duros, sin renunciar a la precisi\u00f3n. Optimizados con tratamientos anticorrosi\u00f3n y codise\u00f1ados junto al cliente. Tu maquinaria no se detiene. Nosotros la hacemos avanzar. Fabricamos componentes para: Soportes y [&hellip;]<\/p>\n","protected":false},"author":2,"featured_media":0,"parent":2032,"menu_order":0,"comment_status":"closed","ping_status":"closed","template":"","meta":{"_acf_changed":false,"footnotes":""},"class_list":["post-2042","page","type-page","status-publish","hentry"],"acf":[],"yoast_head":"<!-- This site is optimized with the Yoast SEO plugin v27.4 - https:\/\/yoast.com\/product\/yoast-seo-wordpress\/ -->\n<title>Maquinaria Agr\u00edcola \/ Tractor - Betsaide<\/title>\n<meta name=\"robots\" content=\"index, follow, max-snippet:-1, max-image-preview:large, max-video-preview:-1\" \/>\n<link rel=\"canonical\" href=\"https:\/\/www.betsaide.com\/iron\/sectores\/maquinaria-agricola-tractor\/\" \/>\n<meta property=\"og:locale\" content=\"de_DE\" \/>\n<meta property=\"og:type\" content=\"article\" \/>\n<meta property=\"og:title\" content=\"Maquinaria Agr\u00edcola \/ Tractor - Betsaide\" \/>\n<meta property=\"og:description\" content=\"Fundimos resistencia para el campo. El barro, el sol y la carga no perdonan. Nuestras piezas s\u00ed. Dise\u00f1amos y producimos componentes que resisten los ciclos m\u00e1s duros, sin renunciar a la precisi\u00f3n. Optimizados con tratamientos anticorrosi\u00f3n y codise\u00f1ados junto al cliente. Tu maquinaria no se detiene. Nosotros la hacemos avanzar. Fabricamos componentes para: Soportes y [&hellip;]\" \/>\n<meta property=\"og:url\" content=\"https:\/\/www.betsaide.com\/iron\/sectores\/maquinaria-agricola-tractor\/\" \/>\n<meta property=\"og:site_name\" content=\"Betsaide\" \/>\n<meta property=\"og:image\" content=\"https:\/\/www.betsaide.com\/assets\/media\/agricola-1.svg\" \/>\n<meta name=\"twitter:card\" content=\"summary_large_image\" \/>\n<script type=\"application\/ld+json\" class=\"yoast-schema-graph\">{\"@context\":\"https:\\\/\\\/schema.org\",\"@graph\":[{\"@type\":\"WebPage\",\"@id\":\"https:\\\/\\\/www.betsaide.com\\\/iron\\\/sectores\\\/maquinaria-agricola-tractor\\\/\",\"url\":\"https:\\\/\\\/www.betsaide.com\\\/iron\\\/sectores\\\/maquinaria-agricola-tractor\\\/\",\"name\":\"Maquinaria Agr\u00edcola \\\/ Tractor - Betsaide\",\"isPartOf\":{\"@id\":\"https:\\\/\\\/www.betsaide.com\\\/#website\"},\"primaryImageOfPage\":{\"@id\":\"https:\\\/\\\/www.betsaide.com\\\/iron\\\/sectores\\\/maquinaria-agricola-tractor\\\/#primaryimage\"},\"image\":{\"@id\":\"https:\\\/\\\/www.betsaide.com\\\/iron\\\/sectores\\\/maquinaria-agricola-tractor\\\/#primaryimage\"},\"thumbnailUrl\":\"https:\\\/\\\/www.betsaide.com\\\/assets\\\/media\\\/agricola-1.svg\",\"datePublished\":\"2025-09-11T07:41:19+00:00\",\"breadcrumb\":{\"@id\":\"https:\\\/\\\/www.betsaide.com\\\/iron\\\/sectores\\\/maquinaria-agricola-tractor\\\/#breadcrumb\"},\"inLanguage\":\"de\",\"potentialAction\":[{\"@type\":\"ReadAction\",\"target\":[\"https:\\\/\\\/www.betsaide.com\\\/iron\\\/sectores\\\/maquinaria-agricola-tractor\\\/\"]}]},{\"@type\":\"ImageObject\",\"inLanguage\":\"de\",\"@id\":\"https:\\\/\\\/www.betsaide.com\\\/iron\\\/sectores\\\/maquinaria-agricola-tractor\\\/#primaryimage\",\"url\":\"https:\\\/\\\/www.betsaide.com\\\/assets\\\/media\\\/agricola-1.svg\",\"contentUrl\":\"https:\\\/\\\/www.betsaide.com\\\/assets\\\/media\\\/agricola-1.svg\"},{\"@type\":\"BreadcrumbList\",\"@id\":\"https:\\\/\\\/www.betsaide.com\\\/iron\\\/sectores\\\/maquinaria-agricola-tractor\\\/#breadcrumb\",\"itemListElement\":[{\"@type\":\"ListItem\",\"position\":1,\"name\":\"Portada\",\"item\":\"https:\\\/\\\/www.betsaide.com\\\/de\\\/\"},{\"@type\":\"ListItem\",\"position\":2,\"name\":\"Iron\",\"item\":\"https:\\\/\\\/www.betsaide.com\\\/de\\\/iron\\\/\"},{\"@type\":\"ListItem\",\"position\":3,\"name\":\"Sectores\",\"item\":\"https:\\\/\\\/www.betsaide.com\\\/iron\\\/sectores\\\/\"},{\"@type\":\"ListItem\",\"position\":4,\"name\":\"Maquinaria Agr\u00edcola \\\/ Tractor\"}]},{\"@type\":\"WebSite\",\"@id\":\"https:\\\/\\\/www.betsaide.com\\\/#website\",\"url\":\"https:\\\/\\\/www.betsaide.com\\\/\",\"name\":\"Betsaide\",\"description\":\"\",\"publisher\":{\"@id\":\"https:\\\/\\\/www.betsaide.com\\\/#organization\"},\"potentialAction\":[{\"@type\":\"SearchAction\",\"target\":{\"@type\":\"EntryPoint\",\"urlTemplate\":\"https:\\\/\\\/www.betsaide.com\\\/?s={search_term_string}\"},\"query-input\":{\"@type\":\"PropertyValueSpecification\",\"valueRequired\":true,\"valueName\":\"search_term_string\"}}],\"inLanguage\":\"de\"},{\"@type\":\"Organization\",\"@id\":\"https:\\\/\\\/www.betsaide.com\\\/#organization\",\"name\":\"Betsaide\",\"url\":\"https:\\\/\\\/www.betsaide.com\\\/\",\"logo\":{\"@type\":\"ImageObject\",\"inLanguage\":\"de\",\"@id\":\"https:\\\/\\\/www.betsaide.com\\\/#\\\/schema\\\/logo\\\/image\\\/\",\"url\":\"https:\\\/\\\/www.betsaide.com\\\/assets\\\/media\\\/logo-vertical_vertical-color.svg\",\"contentUrl\":\"https:\\\/\\\/www.betsaide.com\\\/assets\\\/media\\\/logo-vertical_vertical-color.svg\",\"width\":1,\"height\":1,\"caption\":\"Betsaide\"},\"image\":{\"@id\":\"https:\\\/\\\/www.betsaide.com\\\/#\\\/schema\\\/logo\\\/image\\\/\"}}]}<\/script>\n<!-- \/ Yoast SEO plugin. -->","yoast_head_json":{"title":"Maquinaria Agr\u00edcola \/ Tractor - Betsaide","robots":{"index":"index","follow":"follow","max-snippet":"max-snippet:-1","max-image-preview":"max-image-preview:large","max-video-preview":"max-video-preview:-1"},"canonical":"https:\/\/www.betsaide.com\/iron\/sectores\/maquinaria-agricola-tractor\/","og_locale":"de_DE","og_type":"article","og_title":"Maquinaria Agr\u00edcola \/ Tractor - Betsaide","og_description":"Fundimos resistencia para el campo. El barro, el sol y la carga no perdonan. Nuestras piezas s\u00ed. Dise\u00f1amos y producimos componentes que resisten los ciclos m\u00e1s duros, sin renunciar a la precisi\u00f3n. Optimizados con tratamientos anticorrosi\u00f3n y codise\u00f1ados junto al cliente. Tu maquinaria no se detiene. Nosotros la hacemos avanzar. Fabricamos componentes para: Soportes y [&hellip;]","og_url":"https:\/\/www.betsaide.com\/iron\/sectores\/maquinaria-agricola-tractor\/","og_site_name":"Betsaide","og_image":[{"url":"https:\/\/www.betsaide.com\/assets\/media\/agricola-1.svg","type":"","width":"","height":""}],"twitter_card":"summary_large_image","schema":{"@context":"https:\/\/schema.org","@graph":[{"@type":"WebPage","@id":"https:\/\/www.betsaide.com\/iron\/sectores\/maquinaria-agricola-tractor\/","url":"https:\/\/www.betsaide.com\/iron\/sectores\/maquinaria-agricola-tractor\/","name":"Maquinaria Agr\u00edcola \/ Tractor - Betsaide","isPartOf":{"@id":"https:\/\/www.betsaide.com\/#website"},"primaryImageOfPage":{"@id":"https:\/\/www.betsaide.com\/iron\/sectores\/maquinaria-agricola-tractor\/#primaryimage"},"image":{"@id":"https:\/\/www.betsaide.com\/iron\/sectores\/maquinaria-agricola-tractor\/#primaryimage"},"thumbnailUrl":"https:\/\/www.betsaide.com\/assets\/media\/agricola-1.svg","datePublished":"2025-09-11T07:41:19+00:00","breadcrumb":{"@id":"https:\/\/www.betsaide.com\/iron\/sectores\/maquinaria-agricola-tractor\/#breadcrumb"},"inLanguage":"de","potentialAction":[{"@type":"ReadAction","target":["https:\/\/www.betsaide.com\/iron\/sectores\/maquinaria-agricola-tractor\/"]}]},{"@type":"ImageObject","inLanguage":"de","@id":"https:\/\/www.betsaide.com\/iron\/sectores\/maquinaria-agricola-tractor\/#primaryimage","url":"https:\/\/www.betsaide.com\/assets\/media\/agricola-1.svg","contentUrl":"https:\/\/www.betsaide.com\/assets\/media\/agricola-1.svg"},{"@type":"BreadcrumbList","@id":"https:\/\/www.betsaide.com\/iron\/sectores\/maquinaria-agricola-tractor\/#breadcrumb","itemListElement":[{"@type":"ListItem","position":1,"name":"Portada","item":"https:\/\/www.betsaide.com\/de\/"},{"@type":"ListItem","position":2,"name":"Iron","item":"https:\/\/www.betsaide.com\/de\/iron\/"},{"@type":"ListItem","position":3,"name":"Sectores","item":"https:\/\/www.betsaide.com\/iron\/sectores\/"},{"@type":"ListItem","position":4,"name":"Maquinaria Agr\u00edcola \/ Tractor"}]},{"@type":"WebSite","@id":"https:\/\/www.betsaide.com\/#website","url":"https:\/\/www.betsaide.com\/","name":"Betsaide","description":"","publisher":{"@id":"https:\/\/www.betsaide.com\/#organization"},"potentialAction":[{"@type":"SearchAction","target":{"@type":"EntryPoint","urlTemplate":"https:\/\/www.betsaide.com\/?s={search_term_string}"},"query-input":{"@type":"PropertyValueSpecification","valueRequired":true,"valueName":"search_term_string"}}],"inLanguage":"de"},{"@type":"Organization","@id":"https:\/\/www.betsaide.com\/#organization","name":"Betsaide","url":"https:\/\/www.betsaide.com\/","logo":{"@type":"ImageObject","inLanguage":"de","@id":"https:\/\/www.betsaide.com\/#\/schema\/logo\/image\/","url":"https:\/\/www.betsaide.com\/assets\/media\/logo-vertical_vertical-color.svg","contentUrl":"https:\/\/www.betsaide.com\/assets\/media\/logo-vertical_vertical-color.svg","width":1,"height":1,"caption":"Betsaide"},"image":{"@id":"https:\/\/www.betsaide.com\/#\/schema\/logo\/image\/"}}]}},"_links":{"self":[{"href":"https:\/\/www.betsaide.com\/de\/wp-json\/wp\/v2\/pages\/2042","targetHints":{"allow":["GET"]}}],"collection":[{"href":"https:\/\/www.betsaide.com\/de\/wp-json\/wp\/v2\/pages"}],"about":[{"href":"https:\/\/www.betsaide.com\/de\/wp-json\/wp\/v2\/types\/page"}],"author":[{"embeddable":true,"href":"https:\/\/www.betsaide.com\/de\/wp-json\/wp\/v2\/users\/2"}],"replies":[{"embeddable":true,"href":"https:\/\/www.betsaide.com\/de\/wp-json\/wp\/v2\/comments?post=2042"}],"version-history":[{"count":0,"href":"https:\/\/www.betsaide.com\/de\/wp-json\/wp\/v2\/pages\/2042\/revisions"}],"up":[{"embeddable":true,"href":"https:\/\/www.betsaide.com\/de\/wp-json\/wp\/v2\/pages\/2032"}],"wp:attachment":[{"href":"https:\/\/www.betsaide.com\/de\/wp-json\/wp\/v2\/media?parent=2042"}],"curies":[{"name":"wp","href":"https:\/\/api.w.org\/{rel}","templated":true}]}}