 {"id":2050,"date":"2025-09-30T10:35:49","date_gmt":"2025-09-30T08:35:49","guid":{"rendered":"https:\/\/www.betsaide.com\/iron\/sectores\/valvuleria-hidraulica\/"},"modified":"2025-09-30T10:35:49","modified_gmt":"2025-09-30T08:35:49","slug":"valvuleria-hidraulica","status":"publish","type":"page","link":"https:\/\/www.betsaide.com\/de\/iron\/sectores\/valvuleria-hidraulica\/","title":{"rendered":"Valvuler\u00eda &#038; Hidr\u00e1ulica"},"content":{"rendered":"<section class=\"sectores valvuleria-hidraulica\">\r\n\t<div class=\"container\">\r\n\t\t<div class=\"row intro\">\r\n\t\t\t<div class=\"img\">\r\n\t\t\t\t<img alt=\"\" class=\"alignnone size-full wp-image-1338 lazyload\" data-src=\"https:\/\/www.betsaide.com\/assets\/media\/valvuleria.svg\">\r\n\t\t\t<\/div>\r\n\t\t\t<div class=\"txt\">\r\n\t\t\t\t<p>Fundimos precisi\u00f3n para controlar lo invisible.<\/p>\r\n\r\n\t\t\t\t<p>Fluidos, presiones, caudales. Donde todo depende de una pieza que no puede fallar, fabricamos soluciones de hierro fundido con la m\u00e1s alta exigencia.<\/p>\r\n\t\t\t\t<p>Dise\u00f1ados desde el control del proceso, validados en campo y listos para integrar.<\/p> \r\n\t\t\t\t<p>Control total, desde el dise\u00f1o.<\/p>\r\n\t\t\t<\/div>\r\n\t\t<\/div>\r\n\r\n\t\t<div class=\"row components\">\r\n\r\n\t\t\t<div class=\"title\">\r\n\t\t\t\t<h3>Fabricamos componentes para:<\/h3>\r\n\t\t\t<\/div>\r\n\r\n\t\t\t<div class=\"categories\">\r\n\r\n\t\t\t\t\t<div class=\"item engine\" data-background=\"https:\/\/www.betsaide.com\/assets\/media\/sectores-valvuleria.jpg\">\r\n\t\t\t\t\t\t<h4 class=\"nombre\">Cuerpos de v\u00e1lvulas (mariposa y guillotina)<\/h4>\r\n\t\t\t\t\t\t \r\n\t\t\t\t\t<\/div>\r\n\r\n\t\t\t\t\t<div class=\"item suspension\" data-background=\"https:\/\/www.betsaide.com\/assets\/media\/sectores-valvuleria.jpg\">\r\n\t\t\t\t\t\t<h4 class=\"nombre\">Bridas y tapas<\/h4>\r\n\t\t\t\t\t\t \r\n\t\t\t\t\t<\/div>\r\n\r\n\t\t\t\t\t<div class=\"item driveline\" data-background=\"https:\/\/www.betsaide.com\/assets\/media\/sectores-valvuleria.jpg\">\r\n\t\t\t\t\t\t<h4 class=\"nombre\">Collares y elementos hidr\u00e1ulicos<\/h4>\r\n\t\t\t\t\t\t \r\n\t\t\t\t\t<\/div> \r\n\t\t\t<\/div>\r\n\t\t<\/div>\r\n\r\n\t\t<div class=\"row frase\">\r\n\t\t\t<p>Componentes que aguantan la presi\u00f3n<\/p>\r\n\t\t<\/div>\r\n\t\t\r\n\r\n\r\n\r\n<\/div><\/section>","protected":false},"excerpt":{"rendered":"<p>Fundimos precisi\u00f3n para controlar lo invisible. Fluidos, presiones, caudales. Donde todo depende de una pieza que no puede fallar, fabricamos soluciones de hierro fundido con la m\u00e1s alta exigencia. Dise\u00f1ados desde el control del proceso, validados en campo y listos para integrar. Control total, desde el dise\u00f1o. Fabricamos componentes para: Cuerpos de v\u00e1lvulas (mariposa y [&hellip;]<\/p>\n","protected":false},"author":2,"featured_media":2052,"parent":2032,"menu_order":0,"comment_status":"closed","ping_status":"closed","template":"","meta":{"_acf_changed":false,"footnotes":""},"class_list":["post-2050","page","type-page","status-publish","has-post-thumbnail","hentry"],"acf":[],"yoast_head":"<!-- This site is optimized with the Yoast SEO plugin v27.4 - https:\/\/yoast.com\/product\/yoast-seo-wordpress\/ -->\n<title>Valvuler\u00eda &amp; Hidr\u00e1ulica - Betsaide<\/title>\n<meta name=\"robots\" content=\"index, follow, max-snippet:-1, max-image-preview:large, max-video-preview:-1\" \/>\n<link rel=\"canonical\" href=\"https:\/\/www.betsaide.com\/iron\/sectores\/valvuleria-hidraulica\/\" \/>\n<meta property=\"og:locale\" content=\"de_DE\" \/>\n<meta property=\"og:type\" content=\"article\" \/>\n<meta property=\"og:title\" content=\"Valvuler\u00eda &amp; Hidr\u00e1ulica - Betsaide\" \/>\n<meta property=\"og:description\" content=\"Fundimos precisi\u00f3n para controlar lo invisible. Fluidos, presiones, caudales. Donde todo depende de una pieza que no puede fallar, fabricamos soluciones de hierro fundido con la m\u00e1s alta exigencia. Dise\u00f1ados desde el control del proceso, validados en campo y listos para integrar. Control total, desde el dise\u00f1o. Fabricamos componentes para: Cuerpos de v\u00e1lvulas (mariposa y [&hellip;]\" \/>\n<meta property=\"og:url\" content=\"https:\/\/www.betsaide.com\/iron\/sectores\/valvuleria-hidraulica\/\" \/>\n<meta property=\"og:site_name\" content=\"Betsaide\" \/>\n<meta property=\"og:image\" content=\"https:\/\/www.betsaide.com\/assets\/media\/cabeceras-sectores-valvuleria-2.jpg\" \/>\n\t<meta property=\"og:image:width\" content=\"1920\" \/>\n\t<meta property=\"og:image:height\" content=\"1080\" \/>\n\t<meta property=\"og:image:type\" content=\"image\/jpeg\" \/>\n<meta name=\"twitter:card\" content=\"summary_large_image\" \/>\n<script type=\"application\/ld+json\" class=\"yoast-schema-graph\">{\"@context\":\"https:\\\/\\\/schema.org\",\"@graph\":[{\"@type\":\"WebPage\",\"@id\":\"https:\\\/\\\/www.betsaide.com\\\/iron\\\/sectores\\\/valvuleria-hidraulica\\\/\",\"url\":\"https:\\\/\\\/www.betsaide.com\\\/iron\\\/sectores\\\/valvuleria-hidraulica\\\/\",\"name\":\"Valvuler\u00eda & Hidr\u00e1ulica - Betsaide\",\"isPartOf\":{\"@id\":\"https:\\\/\\\/www.betsaide.com\\\/#website\"},\"primaryImageOfPage\":{\"@id\":\"https:\\\/\\\/www.betsaide.com\\\/iron\\\/sectores\\\/valvuleria-hidraulica\\\/#primaryimage\"},\"image\":{\"@id\":\"https:\\\/\\\/www.betsaide.com\\\/iron\\\/sectores\\\/valvuleria-hidraulica\\\/#primaryimage\"},\"thumbnailUrl\":\"https:\\\/\\\/www.betsaide.com\\\/assets\\\/media\\\/cabeceras-sectores-valvuleria-2.jpg\",\"datePublished\":\"2025-09-30T08:35:49+00:00\",\"breadcrumb\":{\"@id\":\"https:\\\/\\\/www.betsaide.com\\\/iron\\\/sectores\\\/valvuleria-hidraulica\\\/#breadcrumb\"},\"inLanguage\":\"de\",\"potentialAction\":[{\"@type\":\"ReadAction\",\"target\":[\"https:\\\/\\\/www.betsaide.com\\\/iron\\\/sectores\\\/valvuleria-hidraulica\\\/\"]}]},{\"@type\":\"ImageObject\",\"inLanguage\":\"de\",\"@id\":\"https:\\\/\\\/www.betsaide.com\\\/iron\\\/sectores\\\/valvuleria-hidraulica\\\/#primaryimage\",\"url\":\"https:\\\/\\\/www.betsaide.com\\\/assets\\\/media\\\/cabeceras-sectores-valvuleria-2.jpg\",\"contentUrl\":\"https:\\\/\\\/www.betsaide.com\\\/assets\\\/media\\\/cabeceras-sectores-valvuleria-2.jpg\",\"width\":1920,\"height\":1080},{\"@type\":\"BreadcrumbList\",\"@id\":\"https:\\\/\\\/www.betsaide.com\\\/iron\\\/sectores\\\/valvuleria-hidraulica\\\/#breadcrumb\",\"itemListElement\":[{\"@type\":\"ListItem\",\"position\":1,\"name\":\"Portada\",\"item\":\"https:\\\/\\\/www.betsaide.com\\\/de\\\/\"},{\"@type\":\"ListItem\",\"position\":2,\"name\":\"Iron\",\"item\":\"https:\\\/\\\/www.betsaide.com\\\/de\\\/iron\\\/\"},{\"@type\":\"ListItem\",\"position\":3,\"name\":\"Sectores\",\"item\":\"https:\\\/\\\/www.betsaide.com\\\/iron\\\/sectores\\\/\"},{\"@type\":\"ListItem\",\"position\":4,\"name\":\"Valvuler\u00eda &#038; Hidr\u00e1ulica\"}]},{\"@type\":\"WebSite\",\"@id\":\"https:\\\/\\\/www.betsaide.com\\\/#website\",\"url\":\"https:\\\/\\\/www.betsaide.com\\\/\",\"name\":\"Betsaide\",\"description\":\"\",\"publisher\":{\"@id\":\"https:\\\/\\\/www.betsaide.com\\\/#organization\"},\"potentialAction\":[{\"@type\":\"SearchAction\",\"target\":{\"@type\":\"EntryPoint\",\"urlTemplate\":\"https:\\\/\\\/www.betsaide.com\\\/?s={search_term_string}\"},\"query-input\":{\"@type\":\"PropertyValueSpecification\",\"valueRequired\":true,\"valueName\":\"search_term_string\"}}],\"inLanguage\":\"de\"},{\"@type\":\"Organization\",\"@id\":\"https:\\\/\\\/www.betsaide.com\\\/#organization\",\"name\":\"Betsaide\",\"url\":\"https:\\\/\\\/www.betsaide.com\\\/\",\"logo\":{\"@type\":\"ImageObject\",\"inLanguage\":\"de\",\"@id\":\"https:\\\/\\\/www.betsaide.com\\\/#\\\/schema\\\/logo\\\/image\\\/\",\"url\":\"https:\\\/\\\/www.betsaide.com\\\/assets\\\/media\\\/logo-vertical_vertical-color.svg\",\"contentUrl\":\"https:\\\/\\\/www.betsaide.com\\\/assets\\\/media\\\/logo-vertical_vertical-color.svg\",\"width\":1,\"height\":1,\"caption\":\"Betsaide\"},\"image\":{\"@id\":\"https:\\\/\\\/www.betsaide.com\\\/#\\\/schema\\\/logo\\\/image\\\/\"}}]}<\/script>\n<!-- \/ Yoast SEO plugin. -->","yoast_head_json":{"title":"Valvuler\u00eda & Hidr\u00e1ulica - Betsaide","robots":{"index":"index","follow":"follow","max-snippet":"max-snippet:-1","max-image-preview":"max-image-preview:large","max-video-preview":"max-video-preview:-1"},"canonical":"https:\/\/www.betsaide.com\/iron\/sectores\/valvuleria-hidraulica\/","og_locale":"de_DE","og_type":"article","og_title":"Valvuler\u00eda & Hidr\u00e1ulica - Betsaide","og_description":"Fundimos precisi\u00f3n para controlar lo invisible. Fluidos, presiones, caudales. Donde todo depende de una pieza que no puede fallar, fabricamos soluciones de hierro fundido con la m\u00e1s alta exigencia. Dise\u00f1ados desde el control del proceso, validados en campo y listos para integrar. Control total, desde el dise\u00f1o. Fabricamos componentes para: Cuerpos de v\u00e1lvulas (mariposa y [&hellip;]","og_url":"https:\/\/www.betsaide.com\/iron\/sectores\/valvuleria-hidraulica\/","og_site_name":"Betsaide","og_image":[{"width":1920,"height":1080,"url":"https:\/\/www.betsaide.com\/assets\/media\/cabeceras-sectores-valvuleria-2.jpg","type":"image\/jpeg"}],"twitter_card":"summary_large_image","schema":{"@context":"https:\/\/schema.org","@graph":[{"@type":"WebPage","@id":"https:\/\/www.betsaide.com\/iron\/sectores\/valvuleria-hidraulica\/","url":"https:\/\/www.betsaide.com\/iron\/sectores\/valvuleria-hidraulica\/","name":"Valvuler\u00eda & Hidr\u00e1ulica - Betsaide","isPartOf":{"@id":"https:\/\/www.betsaide.com\/#website"},"primaryImageOfPage":{"@id":"https:\/\/www.betsaide.com\/iron\/sectores\/valvuleria-hidraulica\/#primaryimage"},"image":{"@id":"https:\/\/www.betsaide.com\/iron\/sectores\/valvuleria-hidraulica\/#primaryimage"},"thumbnailUrl":"https:\/\/www.betsaide.com\/assets\/media\/cabeceras-sectores-valvuleria-2.jpg","datePublished":"2025-09-30T08:35:49+00:00","breadcrumb":{"@id":"https:\/\/www.betsaide.com\/iron\/sectores\/valvuleria-hidraulica\/#breadcrumb"},"inLanguage":"de","potentialAction":[{"@type":"ReadAction","target":["https:\/\/www.betsaide.com\/iron\/sectores\/valvuleria-hidraulica\/"]}]},{"@type":"ImageObject","inLanguage":"de","@id":"https:\/\/www.betsaide.com\/iron\/sectores\/valvuleria-hidraulica\/#primaryimage","url":"https:\/\/www.betsaide.com\/assets\/media\/cabeceras-sectores-valvuleria-2.jpg","contentUrl":"https:\/\/www.betsaide.com\/assets\/media\/cabeceras-sectores-valvuleria-2.jpg","width":1920,"height":1080},{"@type":"BreadcrumbList","@id":"https:\/\/www.betsaide.com\/iron\/sectores\/valvuleria-hidraulica\/#breadcrumb","itemListElement":[{"@type":"ListItem","position":1,"name":"Portada","item":"https:\/\/www.betsaide.com\/de\/"},{"@type":"ListItem","position":2,"name":"Iron","item":"https:\/\/www.betsaide.com\/de\/iron\/"},{"@type":"ListItem","position":3,"name":"Sectores","item":"https:\/\/www.betsaide.com\/iron\/sectores\/"},{"@type":"ListItem","position":4,"name":"Valvuler\u00eda &#038; Hidr\u00e1ulica"}]},{"@type":"WebSite","@id":"https:\/\/www.betsaide.com\/#website","url":"https:\/\/www.betsaide.com\/","name":"Betsaide","description":"","publisher":{"@id":"https:\/\/www.betsaide.com\/#organization"},"potentialAction":[{"@type":"SearchAction","target":{"@type":"EntryPoint","urlTemplate":"https:\/\/www.betsaide.com\/?s={search_term_string}"},"query-input":{"@type":"PropertyValueSpecification","valueRequired":true,"valueName":"search_term_string"}}],"inLanguage":"de"},{"@type":"Organization","@id":"https:\/\/www.betsaide.com\/#organization","name":"Betsaide","url":"https:\/\/www.betsaide.com\/","logo":{"@type":"ImageObject","inLanguage":"de","@id":"https:\/\/www.betsaide.com\/#\/schema\/logo\/image\/","url":"https:\/\/www.betsaide.com\/assets\/media\/logo-vertical_vertical-color.svg","contentUrl":"https:\/\/www.betsaide.com\/assets\/media\/logo-vertical_vertical-color.svg","width":1,"height":1,"caption":"Betsaide"},"image":{"@id":"https:\/\/www.betsaide.com\/#\/schema\/logo\/image\/"}}]}},"_links":{"self":[{"href":"https:\/\/www.betsaide.com\/de\/wp-json\/wp\/v2\/pages\/2050","targetHints":{"allow":["GET"]}}],"collection":[{"href":"https:\/\/www.betsaide.com\/de\/wp-json\/wp\/v2\/pages"}],"about":[{"href":"https:\/\/www.betsaide.com\/de\/wp-json\/wp\/v2\/types\/page"}],"author":[{"embeddable":true,"href":"https:\/\/www.betsaide.com\/de\/wp-json\/wp\/v2\/users\/2"}],"replies":[{"embeddable":true,"href":"https:\/\/www.betsaide.com\/de\/wp-json\/wp\/v2\/comments?post=2050"}],"version-history":[{"count":0,"href":"https:\/\/www.betsaide.com\/de\/wp-json\/wp\/v2\/pages\/2050\/revisions"}],"up":[{"embeddable":true,"href":"https:\/\/www.betsaide.com\/de\/wp-json\/wp\/v2\/pages\/2032"}],"wp:featuredmedia":[{"embeddable":true,"href":"https:\/\/www.betsaide.com\/de\/wp-json\/wp\/v2\/media\/2052"}],"wp:attachment":[{"href":"https:\/\/www.betsaide.com\/de\/wp-json\/wp\/v2\/media?parent=2050"}],"curies":[{"name":"wp","href":"https:\/\/api.w.org\/{rel}","templated":true}]}}